{"id":3299,"date":"2023-08-23T15:11:53","date_gmt":"2023-08-23T14:11:53","guid":{"rendered":"https:\/\/downlleida.com\/politica-de-privacitat\/"},"modified":"2023-08-23T15:54:50","modified_gmt":"2023-08-23T14:54:50","slug":"politica-privacidad","status":"publish","type":"page","link":"https:\/\/downlleida.com\/es\/politica-privacidad\/","title":{"rendered":"Pol\u00edtica de Privacidad"},"content":{"rendered":"<div class=\"fusion-fullwidth fullwidth-box fusion-builder-row-1 fusion-flex-container has-pattern-background has-mask-background nonhundred-percent-fullwidth non-hundred-percent-height-scrolling\" style=\"--awb-border-radius-top-left:0px;--awb-border-radius-top-right:0px;--awb-border-radius-bottom-right:0px;--awb-border-radius-bottom-left:0px;\" ><div class=\"fusion-builder-row fusion-row fusion-flex-align-items-flex-start\" style=\"max-width:1248px;margin-left: calc(-4% \/ 2 );margin-right: calc(-4% \/ 2 );\"><div class=\"fusion-layout-column fusion_builder_column fusion-builder-column-0 fusion_builder_column_1_1 1_1 fusion-flex-column\" style=\"--awb-bg-size:cover;--awb-width-large:100%;--awb-margin-top-large:0px;--awb-spacing-right-large:1.92%;--awb-margin-bottom-large:20px;--awb-spacing-left-large:1.92%;--awb-width-medium:100%;--awb-order-medium:0;--awb-spacing-right-medium:1.92%;--awb-spacing-left-medium:1.92%;--awb-width-small:100%;--awb-order-small:0;--awb-spacing-right-small:1.92%;--awb-spacing-left-small:1.92%;\"><div class=\"fusion-column-wrapper fusion-column-has-shadow fusion-flex-justify-content-flex-start fusion-content-layout-column\"><div class=\"fusion-text fusion-text-1\"><p><strong style=\"color: var(--awb-color5);\">1. RESPONSABLE DE LOS DATOS<\/strong><\/p>\n<p>ASSOCIACI\u00d3 LLEIDATANA PER A LA S\u00cdNDROME DE DOWN (en adelante, \u201cDOWN LLEIDA\u201d) con CIF G25351305 y domicilio en Plaza Sant Pere, 3 Bajos, 25005 Lleida, es el responsable de este sitio web (www.downlleida.org) y de todos los datos recabados en \u00e9l.<\/p>\n<p>DOWN LLEIDA es consciente de la importancia de la privacidad de los datos de car\u00e1cter personal y por ello, ha implementado una pol\u00edtica de tratamiento de datos orientada a proveer la m\u00e1xima seguridad en el uso y recogida de los mismos, garantizando el cumplimiento de la normativa vigente en la materia y configurando dicha pol\u00edtica como uno de los pilares b\u00e1sicos en las l\u00edneas de actuaci\u00f3n de la organizaci\u00f3n. En este sentido, queremos garantizarle que estamos comprometidos con la protecci\u00f3n de sus datos por lo que hemos adoptado las medidas necesarias para evitar posibles da\u00f1os o p\u00e9rdidas de los datos.<\/p>\n<p>Esta Pol\u00edtica de Privacidad, tiene por objeto facilitarle la informaci\u00f3n necesaria en relaci\u00f3n con el tratamiento que realizamos de los datos recabados as\u00ed como los derechos que le asisten, en virtud del cumplimiento por parte de DOWN LLEIDA del Reglamento 2016\/679 del Parlamento Europeo y del Consejo de 27 de abril de 2016 (RGPD) y dem\u00e1s normativa relativa a la protecci\u00f3n de los datos personales.<\/p>\n<p>Asimismo, le indicamos que DOWN LLEIDA ha designado a un Delegado de Protecci\u00f3n de Datos (DPD) y que puede contactar con \u00e9l para cualquier consulta en este sentido, a trav\u00e9s del correo electr\u00f3nico <a href=\"mailto:info@downlleida.org\">info@downlleida.org<\/a><\/p>\n<p>Entendemos que si visita nuestro sitio web, es porque acepta la presente pol\u00edtica de privacidad por lo que le invitamos a que la lea detenidamente, y en el supuesto de no estar de acuerdo, no podr\u00e1 navegar, visitar ni utilizar nuestro sitio web<\/p>\n<p><strong style=\"color: var(--awb-color5);\">2. \u00bfQU\u00c9 DATOS RECOGEMOS Y PARA QU\u00c9?<\/strong><\/p>\n<p>DOWN LLEIDA recoge la IP a trav\u00e9s de cookies (ver Pol\u00edtica de cookies en nuestro <a href=\"https:\/\/downlleida.org\/aviso-legal\/\">Aviso Legal<\/a>) para realizar an\u00e1lisis estad\u00edsticos y monitorizaci\u00f3n del funcionamiento del sitio web. Esta informaci\u00f3n se trata de modo que no se puede identificar a la persona tras la IP y la finalidad es monitorizar el correcto funcionamiento de la p\u00e1gina y saber, por ejemplo, qu\u00e9 productos, servicios, apartados o noticias del sitio web han gustado m\u00e1s.<\/p>\n<p>Durante la navegaci\u00f3n a trav\u00e9s del sitio web es posible que se soliciten datos de car\u00e1cter personal a trav\u00e9s de diferentes formularios dispuestos al efecto. Dichos datos formar\u00e1n parte de los pertinentes ficheros en funci\u00f3n de la finalidad determinada y concreta que motiva el recabo de los mismos.<\/p>\n<p>De esta forma, la informaci\u00f3n particular de cada tratamiento de datos se aportar\u00e1 junto a cada formulario web, siendo com\u00fan a todos ellos el responsable del tratamiento, indicado anteriormente, el lugar y forma de ejercicio de los derechos de acceso, rectificaci\u00f3n, supresi\u00f3n, portabilidad de sus datos, as\u00ed como de limitaci\u00f3n u oposici\u00f3n a su tratamiento, que deber\u00e1 formalizarse mediante una comunicaci\u00f3n escrita a la direcci\u00f3n indicada en el punto anterior o a trav\u00e9s del correo electr\u00f3nico <a href=\"mailto:info@downlleida.org\">info@downlleida.org<\/a>, incluyendo copia del DNI o documento identificativo equivalente.<\/p>\n<p>En el supuesto de que aporte sus datos a trav\u00e9s de un mensaje de correo electr\u00f3nico, el mismo formar\u00e1 parte de un fichero cuya finalidad ser\u00e1 la gesti\u00f3n de la solicitud o comentario que nos realiza, siendo aplicables el resto de extremos indicados en el p\u00e1rrafo anterior.<\/p>\n<p>Asimismo, las condiciones generales de contrataci\u00f3n de los servicios de DOWN LLEIDA contienen las caracter\u00edsticas y naturaleza del tratamiento de los datos que ser\u00e1n desarrollados por la misma en el supuesto de que contrate cualquiera de ellos.<\/p>\n<p>La informaci\u00f3n que nos facilita cuando de forma voluntaria cumplimenta alguno de nuestros formularios la tratamos con las finalidades y legitimaci\u00f3n que indicamos a continuaci\u00f3n:<\/p>\n<p><strong style=\"color: var(--awb-color5);\">Formulario de Contacto<\/strong><\/p>\n<p><strong>Datos<\/strong><\/p>\n<p>Identificativos y de contacto.<\/p>\n<p><strong>Finalidades<\/strong><\/p>\n<p>Tramitar la consulta\/solicitud por usted planteada.<\/p>\n<p>Remitirle a trav\u00e9s de cualquier medio, incluidos los electr\u00f3nicos, informaci\u00f3n comercial sobre productos y servicios propios o de terceros relativos a actividades relacionadas con la Asociaci\u00f3n y\/o felicitaciones navide\u00f1as o similares.<\/p>\n<p><b>Legitimaci\u00f3n<\/b><\/p>\n<p>La base legal para el tratamiento de sus datos est\u00e1 basada en el inter\u00e9s leg\u00edtimo para la tramitaci\u00f3n de su consulta, y para el env\u00edo de publicidad, en el consentimiento que a estos efectos le hemos solicitado o en el inter\u00e9s leg\u00edtimo en supuestos concretos, como por ejemplo cuando le remit\u00edamos informaci\u00f3n comercial desde hac\u00eda un tiempo inform\u00e1ndole en cada comunicaci\u00f3n de que pod\u00eda retirar su consentimiento para recibir dicha publicidad de un modo sencillo que pon\u00edamos a su disposici\u00f3n y sin embargo Ud. no ha retirado tal consentimiento.<\/p>\n<p><strong style=\"color: var(--awb-color5);\">Formulario de CV<\/strong><\/p>\n<p><strong>Datos<\/strong><\/p>\n<p>Identificativos y de contacto, de caracter\u00edsticas personales, de circunstancias sociales, acad\u00e9micos y profesionales y de detalle de empleo.<\/p>\n<p><strong>Finalidades<\/strong><\/p>\n<p>Tramitar su solicitud como participante en los procesos de selecci\u00f3n de la organizaci\u00f3n.<\/p>\n<p><strong>Legitimaci\u00f3n<\/strong><\/p>\n<p>La base legal para el tratamiento de sus datos est\u00e1 basada en el consentimiento que a estos efectos le hemos solicitado en el propio formulario.<\/p>\n<p><strong><span style=\"color: var(--awb-color5);\">Formulario de Jornadas y Eventos<\/span><br \/>\n<\/strong><\/p>\n<p><strong>Datos<\/strong><\/p>\n<p>Identificativos y de contacto.<\/p>\n<p><strong>Finalidades<\/strong><\/p>\n<p>Gestionar el evento en el que usted se ha inscrito como participante voluntariamente.<\/p>\n<p>Remitirle a trav\u00e9s de cualquier medio, incluidos los electr\u00f3nicos, informaci\u00f3n comercial sobre productos y servicios propios o de terceros relativos a actividades relacionadas con la Asociaci\u00f3n y\/o felicitaciones navide\u00f1as o similares.<\/p>\n<p>Se podr\u00e1n captar im\u00e1genes y\/o voz y posteriormente publicarlas en distintos medios, siempre con el previo consentimiento de los titulares de los datos.<\/p>\n<p><strong>Legitimaci\u00f3n<\/strong><\/p>\n<p>La base legal para el tratamiento de sus datos est\u00e1 basada en la ejecuci\u00f3n de un contrato (Condiciones Generales de inscripci\u00f3n al Evento) y para la captaci\u00f3n y publicaci\u00f3n de imagen y\/o voz y el env\u00edo de publicidad, en el consentimiento que a estos efectos le hemos solicitado o en el inter\u00e9s leg\u00edtimo en supuestos concretos, como por ejemplo cuando le remit\u00edamos informaci\u00f3n comercial desde hac\u00eda un tiempo inform\u00e1ndole en cada comunicaci\u00f3n de que pod\u00eda retirar su consentimiento para recibir dicha publicidad de un modo sencillo que pon\u00edamos a su disposici\u00f3n y sin embargo Ud. no ha retirado tal consentimiento.<\/p>\n<p><strong style=\"color: var(--awb-color5);\">Formulario Newsletter<\/strong><\/p>\n<p><strong>Finalidades<\/strong><\/p>\n<p>Gestionar la Newsletter a el que usted se ha suscrito voluntariamente.<\/p>\n<p>Remitirle a trav\u00e9s de cualquier medio, incluidos los electr\u00f3nicos, informaci\u00f3n comercial sobre productos y servicios propios o de terceros relativos a actividades relacionadas con la Asociaci\u00f3n\/Fundaci\u00f3n\/Federaci\u00f3n y\/o felicitaciones navide\u00f1as o similares.<\/p>\n<p><strong>Legitimaci\u00f3n<\/strong><\/p>\n<p>La base legal para el tratamiento de sus datos est\u00e1 basada en la ejecuci\u00f3n de un contrato (Bases Legales \/ Condiciones Generales de la Newsletter) y para el env\u00edo de publicidad, en el consentimiento que a estos efectos le hemos solicitado o en el inter\u00e9s leg\u00edtimo en supuestos concretos, como por ejemplo cuando le remit\u00edamos informaci\u00f3n comercial desde hac\u00eda un tiempo inform\u00e1ndole en cada comunicaci\u00f3n de que pod\u00eda retirar su consentimiento para recibir dicha publicidad de un modo sencillo que pon\u00edamos a su disposici\u00f3n y sin embargo Ud. no ha retirado tal consentimiento.<\/p>\n<p><strong style=\"color: var(--awb-color5);\">3. \u00bfCOMUNICAMOS LOS DATOS A ALG\u00daN TERCERO?<\/strong><\/p>\n<p>DOWN LLEIDA \u00fanicamente comunicar\u00e1 datos a terceros cuando efectivamente est\u00e9 legitimado para ello, como ocurre en los siguientes supuestos:<\/p>\n<p>Obligaci\u00f3n legal: Por ejemplo si resulta necesario facilitar los datos a la Administraci\u00f3n P\u00fablica (Administraci\u00f3n Tributaria o Cuerpos y Fuerzas de Seguridad).<\/p>\n<p>Ejecuci\u00f3n de contrato: Por ejemplo, para la gesti\u00f3n de sorteos\/concursos tendremos que comunicarle datos a terceros con los que organizamos o colaboramos para la gesti\u00f3n del sorteo\/concurso (por ejemplo, para enviar el premio).<\/p>\n<p>Consentimiento: Por ejemplo, cuando nos haya dado consentimiento para facilitar sus datos a otras entidades relacionadas con la Asociaci\u00f3n.<\/p>\n<p>DOWN LLEIDA tiene Encargados del tratamiento, es decir proveedores que pueden acceder a datos para poder prestar el servicio contratado, pero que \u00fanicamente acceder\u00e1n a dichos datos para las finalidades indicadas por DOWN LLEIDA para la prestaci\u00f3n del servicio (por ejemplo, servicios inform\u00e1ticos o de marketing).<\/p>\n<p><strong style=\"color: var(--awb-color5);\">4. \u00bfCU\u00c1NTO TIEMPO CONSERVAREMOS SUS DATOS?<\/strong><\/p>\n<p>DOWN LLEIDA conservar\u00e1 sus datos \u00fanicamente mientras resulte necesario para la finalidad para la que fueron recabados.<\/p>\n<p>Sus datos personales se conservar\u00e1n mientras se mantenga el servicio o suscripci\u00f3n contratado, o se gestiona el participaci\u00f3n en el evento o encuesta, la respuesta a su consulta o el proceso de selecci\u00f3n en que participa, y para la finalidad de env\u00edo de publicidad, mientras no se oponga o revoque el consentimiento para ello, en cuyo caso, los datos se suprimir\u00e1n, entendiendo supresi\u00f3n como bloqueo de los mismos, en este sentido, los datos bloqueados quedar\u00e1n a disposici\u00f3n exclusiva del tribunal, el Ministerio Fiscal u otras Administraciones P\u00fablicas competentes, en particular de las autoridades de protecci\u00f3n de datos, para la exigencia de posibles responsabilidades derivadas del tratamiento y por el plazo de prescripci\u00f3n de las mismas.<\/p>\n<p><strong style=\"color: var(--awb-color5);\">5. MEDIDAS DE SEGURIDAD<\/strong><\/p>\n<p>DOWN LLEIDA ha implantado las medidas t\u00e9cnicas y organizativas necesarias para evitar la p\u00e9rdida, mal uso, alteraci\u00f3n, acceso no autorizado y robo de los Datos Personales que los interesados pudieran facilitar como consecuencia del acceso a las diferentes secciones del website aplicando las medidas de seguridad contempladas en el Reglamento (UE) 2016\/679 del Parlamento Europeo y del Consejo, de 27 de abril de 2016, relativo a la protecci\u00f3n de las personas f\u00edsicas en lo que respecta al tratamiento de datos personales y a la libre circulaci\u00f3n de estos datos (Reglamento General de Protecci\u00f3n de Datos \u2013 RGPD) y las derivadas del correspondiente an\u00e1lisis de riesgos.<\/p>\n<p><strong style=\"color: var(--awb-color5);\">6. TRANSFERENCIAS INTERNACIONALES<\/strong><\/p>\n<p>DOWN LLEIDA no van a realizar transferencias internacionales de datos fuera de la Uni\u00f3n Europea o con nivel adecuado de protecci\u00f3n de datos declarado por la Comisi\u00f3n Europea.<\/p>\n<p><strong style=\"color: var(--awb-color5);\">7. LINKS A OTRAS P\u00c1GINAS<\/strong><\/p>\n<p>La presente pol\u00edtica de privacidad se aplica, como le hemos informado anteriormente, a nuestro sitio web, pero le advertimos de que no es aplicable a otras p\u00e1ginas a las que pueda acceder a trav\u00e9s de enlaces a p\u00e1ginas de terceros, por lo que le instamos a que lea detenidamente las pol\u00edticas de privacidad de esos otros sitios web a los que acceda, incluso aunque haya accedido a dicha web mediante enlace en nuestro web.<\/p>\n<p><strong style=\"color: var(--awb-color5);\">8. DERECHOS<\/strong><\/p>\n<p>DOWN LLEIDA le informa a continuaci\u00f3n de sus derechos y del modo de ejercitarlos. En este sentido, le informamos de que le daremos respuesta en el plazo m\u00e1ximo de 1 mes desde que lo recibamos:<\/p>\n<p><strong>Derecho de acceso<\/strong><\/p>\n<p>Los titulares de los datos pueden solicitar informaci\u00f3n sobre si tenemos datos suyos, y en caso afirmativo, qu\u00e9 datos tenemos, para qu\u00e9 los utilizamos, si se han comunicado a terceros, etc.<\/p>\n<p><b>Derecho de rectificaci\u00f3n<\/b><\/p>\n<p>Los titulares de los datos pueden solicitar la modificaci\u00f3n de los datos que sean inexactos o contengan errores.<\/p>\n<p><b>Derecho de oposici\u00f3n<\/b><\/p>\n<p>Los titulares de los datos pueden oponerse en cualquier momento a que sus datos personales sean objeto de tratamiento.<\/p>\n<p><b>Derecho de supresi\u00f3n<\/b><\/p>\n<p>Los titulares de los datos pueden solicitar la supresi\u00f3n de sus datos por ejemplo cuando haya finalizado la finalidad para la que fueron recabados.<\/p>\n<p><b>Derecho a no ser objeto de decisiones individualizadas<\/b><\/p>\n<p>Los titulares de los datos tienen derecho a no ser objeto de una decisi\u00f3n basada \u00fanicamente en el tratamiento automatizado, incluida la elaboraci\u00f3n de perfiles, y pueden solicitar que sea una persona la que tome tal decisi\u00f3n.<\/p>\n<p><b>Retirar el consentimiento<\/b><\/p>\n<p>Los titulares de los datos pueden retirar en cualquier momento, el consentimiento que hayan facilitado.<\/p>\n<p><b>Derecho a presentar una queja ante la Agencia Espa\u00f1ola de Protecci\u00f3n de Datos<\/b><\/p>\n<p>Si usted considera que sus derechos han sido vulnerados, podr\u00e1 interponer una reclamaci\u00f3n ante la Agencia Espa\u00f1ola de Protecci\u00f3n de Datos, con domicilio en calle Jorge Juan 6, 28001 de Madrid, tel\u00e9fono 901 100 099, y sitio web www.agpd.es.<\/p>\n<p><strong style=\"color: var(--awb-color5);\">9. MENORES<\/strong><\/p>\n<p>Nuestros sitios web est\u00e1n dirigidos a mayores de edad, por lo que al cumplimentar cualquier formulario de recogida de datos de nuestro sitio web, Ud. garantiza que es mayor de 18 a\u00f1os y ser\u00e1 enteramente responsable en este sentido. A estos efectos podremos requerirle su DNI o documento acreditativo equivalente en cualquier momento. En este sentido, animamos a padres y tutores a que supervisen las actividades electr\u00f3nicas de sus hijos, por ejemplo, mediante el uso de herramientas de control parental que ayudan a proporcionar un entorno electr\u00f3nico seguro para los menores.<\/p>\n<p><strong style=\"color: var(--awb-color5);\">10. CONTACTO<\/strong><\/p>\n<p>Si quiere contactar con nosotros para cualquier asunto relacionado con la protecci\u00f3n de datos de car\u00e1cter personal, env\u00ede un correo electr\u00f3nico a <a href=\"mailto:info@downlleida.org%E2%80%8B\">info@downlleida.org<\/a><\/p>\n<p><strong style=\"color: var(--awb-color5);\">11. ACTUALIZACIONES<\/strong><\/p>\n<p>Si en el futuro se produjeran cambios en nuestra Pol\u00edtica de Privacidad que pudieran afectar a sus datos personales le comunicaremos dichos cambios, que tendr\u00e1n validez desde el momento en el que sean anunciados.<\/p>\n<p>Pol\u00edtica de Privacidad actualizada a fecha 25 de mayo de 2018.<\/p>\n<\/div><\/div><\/div><\/div><\/div>\n","protected":false},"excerpt":{"rendered":"","protected":false},"author":1,"featured_media":0,"parent":0,"menu_order":0,"comment_status":"closed","ping_status":"closed","template":"100-width.php","meta":{"footnotes":""},"class_list":["post-3299","page","type-page","status-publish","hentry"],"yoast_head":"<!-- This site is optimized with the Yoast SEO plugin v20.0 - https:\/\/yoast.com\/wordpress\/plugins\/seo\/ -->\n<title>Pol\u00edtica de Privacidad - Down Lleida<\/title>\n<meta name=\"robots\" content=\"index, follow, max-snippet:-1, max-image-preview:large, max-video-preview:-1\" \/>\n<link rel=\"canonical\" href=\"https:\/\/downlleida.com\/es\/politica-privacidad\/\" \/>\n<meta property=\"og:locale\" content=\"es_ES\" \/>\n<meta property=\"og:type\" content=\"article\" \/>\n<meta property=\"og:title\" content=\"Pol\u00edtica de Privacidad - Down Lleida\" \/>\n<meta property=\"og:url\" content=\"https:\/\/downlleida.com\/es\/politica-privacidad\/\" \/>\n<meta property=\"og:site_name\" content=\"Down Lleida\" \/>\n<meta property=\"article:modified_time\" content=\"2023-08-23T14:54:50+00:00\" \/>\n<meta name=\"twitter:card\" content=\"summary_large_image\" \/>\n<meta name=\"twitter:label1\" content=\"Tiempo de lectura\" \/>\n\t<meta name=\"twitter:data1\" content=\"13 minutos\" \/>\n<script type=\"application\/ld+json\" class=\"yoast-schema-graph\">{\"@context\":\"https:\/\/schema.org\",\"@graph\":[{\"@type\":\"WebPage\",\"@id\":\"https:\/\/downlleida.com\/es\/politica-privacidad\/\",\"url\":\"https:\/\/downlleida.com\/es\/politica-privacidad\/\",\"name\":\"Pol\u00edtica de Privacidad - Down Lleida\",\"isPartOf\":{\"@id\":\"https:\/\/downlleida.com\/#website\"},\"datePublished\":\"2023-08-23T14:11:53+00:00\",\"dateModified\":\"2023-08-23T14:54:50+00:00\",\"breadcrumb\":{\"@id\":\"https:\/\/downlleida.com\/es\/politica-privacidad\/#breadcrumb\"},\"inLanguage\":\"es\",\"potentialAction\":[{\"@type\":\"ReadAction\",\"target\":[\"https:\/\/downlleida.com\/es\/politica-privacidad\/\"]}]},{\"@type\":\"BreadcrumbList\",\"@id\":\"https:\/\/downlleida.com\/es\/politica-privacidad\/#breadcrumb\",\"itemListElement\":[{\"@type\":\"ListItem\",\"position\":1,\"name\":\"Portada\",\"item\":\"https:\/\/downlleida.com\/es\/inicio\/\"},{\"@type\":\"ListItem\",\"position\":2,\"name\":\"Pol\u00edtica de Privacidad\"}]},{\"@type\":\"WebSite\",\"@id\":\"https:\/\/downlleida.com\/#website\",\"url\":\"https:\/\/downlleida.com\/\",\"name\":\"Down Lleida\",\"description\":\"Associaci\u00f3 Lleidatana per a la S\u00edndrome de Down\",\"potentialAction\":[{\"@type\":\"SearchAction\",\"target\":{\"@type\":\"EntryPoint\",\"urlTemplate\":\"https:\/\/downlleida.com\/?s={search_term_string}\"},\"query-input\":\"required name=search_term_string\"}],\"inLanguage\":\"es\"}]}<\/script>\n<!-- \/ Yoast SEO plugin. -->","yoast_head_json":{"title":"Pol\u00edtica de Privacidad - Down Lleida","robots":{"index":"index","follow":"follow","max-snippet":"max-snippet:-1","max-image-preview":"max-image-preview:large","max-video-preview":"max-video-preview:-1"},"canonical":"https:\/\/downlleida.com\/es\/politica-privacidad\/","og_locale":"es_ES","og_type":"article","og_title":"Pol\u00edtica de Privacidad - Down Lleida","og_url":"https:\/\/downlleida.com\/es\/politica-privacidad\/","og_site_name":"Down Lleida","article_modified_time":"2023-08-23T14:54:50+00:00","twitter_card":"summary_large_image","twitter_misc":{"Tiempo de lectura":"13 minutos"},"schema":{"@context":"https:\/\/schema.org","@graph":[{"@type":"WebPage","@id":"https:\/\/downlleida.com\/es\/politica-privacidad\/","url":"https:\/\/downlleida.com\/es\/politica-privacidad\/","name":"Pol\u00edtica de Privacidad - Down Lleida","isPartOf":{"@id":"https:\/\/downlleida.com\/#website"},"datePublished":"2023-08-23T14:11:53+00:00","dateModified":"2023-08-23T14:54:50+00:00","breadcrumb":{"@id":"https:\/\/downlleida.com\/es\/politica-privacidad\/#breadcrumb"},"inLanguage":"es","potentialAction":[{"@type":"ReadAction","target":["https:\/\/downlleida.com\/es\/politica-privacidad\/"]}]},{"@type":"BreadcrumbList","@id":"https:\/\/downlleida.com\/es\/politica-privacidad\/#breadcrumb","itemListElement":[{"@type":"ListItem","position":1,"name":"Portada","item":"https:\/\/downlleida.com\/es\/inicio\/"},{"@type":"ListItem","position":2,"name":"Pol\u00edtica de Privacidad"}]},{"@type":"WebSite","@id":"https:\/\/downlleida.com\/#website","url":"https:\/\/downlleida.com\/","name":"Down Lleida","description":"Associaci\u00f3 Lleidatana per a la S\u00edndrome de Down","potentialAction":[{"@type":"SearchAction","target":{"@type":"EntryPoint","urlTemplate":"https:\/\/downlleida.com\/?s={search_term_string}"},"query-input":"required name=search_term_string"}],"inLanguage":"es"}]}},"_links":{"self":[{"href":"https:\/\/downlleida.com\/es\/wp-json\/wp\/v2\/pages\/3299","targetHints":{"allow":["GET"]}}],"collection":[{"href":"https:\/\/downlleida.com\/es\/wp-json\/wp\/v2\/pages"}],"about":[{"href":"https:\/\/downlleida.com\/es\/wp-json\/wp\/v2\/types\/page"}],"author":[{"embeddable":true,"href":"https:\/\/downlleida.com\/es\/wp-json\/wp\/v2\/users\/1"}],"replies":[{"embeddable":true,"href":"https:\/\/downlleida.com\/es\/wp-json\/wp\/v2\/comments?post=3299"}],"version-history":[{"count":4,"href":"https:\/\/downlleida.com\/es\/wp-json\/wp\/v2\/pages\/3299\/revisions"}],"predecessor-version":[{"id":3332,"href":"https:\/\/downlleida.com\/es\/wp-json\/wp\/v2\/pages\/3299\/revisions\/3332"}],"wp:attachment":[{"href":"https:\/\/downlleida.com\/es\/wp-json\/wp\/v2\/media?parent=3299"}],"curies":[{"name":"wp","href":"https:\/\/api.w.org\/{rel}","templated":true}]}}